{"id":275,"date":"2016-01-07T13:03:40","date_gmt":"2016-01-07T12:03:40","guid":{"rendered":"http:\/\/elektroelch.de\/draft\/?page_id=275"},"modified":"2016-01-07T16:07:41","modified_gmt":"2016-01-07T15:07:41","slug":"1-1-problemstellung","status":"publish","type":"page","link":"https:\/\/elektroelch.de\/drafts\/betriebliche-projektarbeit-content-syndication-von-nightloop-de\/1-1-problemstellung\/","title":{"rendered":"1. Beschreibung des Projektauftrags"},"content":{"rendered":"<h3>1.1 Problemstellung<\/h3>\n<p>Das <a href=\"http:\/\/www.nwz-inside.de\/\">nordwest.net<\/a> in Oldenburg\/Oldbg. betreibt die Internetpr\u00e4senz <a href=\"http:\/\/www.nwz-inside.de\/nightloop\">nightloop.de<\/a>. Auf dieser Site werden Party- und Konzertank\u00fcndigungen sowie Fotodokumentationen von vergangenen Veranstaltungen in Nordwest-Deutschland ver\u00f6ffentlicht. Zus\u00e4tzlich existiert ein Informationsbereich \u00fcber aktuelle Kinofilme und Ver\u00f6ffentlichungen aus dem Unterhaltungsbereich (CDs, DVDs, Fernsehen, Computerspiele).<\/p>\n<p>Wie viele Internet-Pr\u00e4senzen muss sich <a href=\"http:\/\/www.nwz-inside.de\/nightloop\">nightloop.de<\/a> aus Online-Werbung finanzieren. Diese M\u00f6glichkeit der Finanzierung ist aber nur m\u00f6glich, wenn ausreichende Besucherzahlen auf den Seiten zu verzeichnen sind. Deshalb wirbt <a href=\"http:\/\/www.nwz-inside.de\/nightloop\">nightloop.de<\/a> ebenfalls mit Werbebannern auf anderen Websites. Leider wird diese Art der Werbung von immer mehr Besuchern \u00fcbersehen oder abgelehnt. Es wird daher nach einer neuen Art der Bewerbung von <a href=\"http:\/\/www.nwz-inside.de\/nightloop\">nightloop.de<\/a> gesucht.<br \/>\nUm die Zugriffszahlen von <a href=\"http:\/\/www.nwz-inside.de\/nightloop\">nightloop.de<\/a> zu erh\u00f6hen, soll die M\u00f6glichkeit geschaffen werden, Teile der Pr\u00e4senz (Schlagzeilen und Anrei\u00dftexte) mit geringem technischen Aufwand in externe Webangebote zu \u00fcbernehmen. Durch die Pr\u00e4senz auf anderen Websites sollen die Benutzer dazu angeregt werden, das Angebot von <a href=\"http:\/\/www.nwz-inside.de\/nightloop\">nightloop.de<\/a> zu nutzen.<\/p>\n<p align=\"center\">Inhaltsverzeichnis | 2 2. Ausgangslage\/Projektumfeld<\/p>\n","protected":false},"excerpt":{"rendered":"<p>1.1 Problemstellung Das nordwest.net in Oldenburg\/Oldbg. betreibt die Internetpr\u00e4senz nightloop.de. Auf dieser Site werden Party- und Konzertank\u00fcndigungen sowie Fotodokumentationen von vergangenen Veranstaltungen in Nordwest-Deutschland ver\u00f6ffentlicht. Zus\u00e4tzlich existiert ein Informationsbereich \u00fcber aktuelle Kinofilme und Ver\u00f6ffentlichungen aus dem Unterhaltungsbereich (CDs, DVDs, Fernsehen, Computerspiele). Wie viele Internet-Pr\u00e4senzen muss sich nightloop.de aus Online-Werbung finanzieren. Diese M\u00f6glichkeit der Finanzierung ist [&hellip;]<\/p>\n","protected":false},"author":1,"featured_media":0,"parent":267,"menu_order":1,"comment_status":"closed","ping_status":"closed","template":"","meta":{"webmentions_disabled_pings":false,"webmentions_disabled":false,"footnotes":""},"class_list":["post-275","page","type-page","status-publish","hentry"],"_links":{"self":[{"href":"https:\/\/elektroelch.de\/drafts\/wp-json\/wp\/v2\/pages\/275","targetHints":{"allow":["GET"]}}],"collection":[{"href":"https:\/\/elektroelch.de\/drafts\/wp-json\/wp\/v2\/pages"}],"about":[{"href":"https:\/\/elektroelch.de\/drafts\/wp-json\/wp\/v2\/types\/page"}],"author":[{"embeddable":true,"href":"https:\/\/elektroelch.de\/drafts\/wp-json\/wp\/v2\/users\/1"}],"replies":[{"embeddable":true,"href":"https:\/\/elektroelch.de\/drafts\/wp-json\/wp\/v2\/comments?post=275"}],"version-history":[{"count":5,"href":"https:\/\/elektroelch.de\/drafts\/wp-json\/wp\/v2\/pages\/275\/revisions"}],"predecessor-version":[{"id":279,"href":"https:\/\/elektroelch.de\/drafts\/wp-json\/wp\/v2\/pages\/275\/revisions\/279"}],"up":[{"embeddable":true,"href":"https:\/\/elektroelch.de\/drafts\/wp-json\/wp\/v2\/pages\/267"}],"wp:attachment":[{"href":"https:\/\/elektroelch.de\/drafts\/wp-json\/wp\/v2\/media?parent=275"}],"curies":[{"name":"wp","href":"https:\/\/api.w.org\/{rel}","templated":true}]}}