{"id":283,"date":"2016-01-07T13:14:55","date_gmt":"2016-01-07T12:14:55","guid":{"rendered":"http:\/\/elektroelch.de\/draft\/?page_id=283"},"modified":"2016-01-07T16:07:41","modified_gmt":"2016-01-07T15:07:41","slug":"2-ausgangslageprojektumfeld","status":"publish","type":"page","link":"https:\/\/elektroelch.de\/drafts\/betriebliche-projektarbeit-content-syndication-von-nightloop-de\/2-ausgangslageprojektumfeld\/","title":{"rendered":"2. Ausgangslage\/Projektumfeld"},"content":{"rendered":"<p>Beim der <a href=\"http:\/\/www.nwzonline.de\/kontakt\/nwzonline-impressum_a_1,0,124514788.html\">nordwest.net GmbH<\/a> werden aus Kostengr\u00fcnden haupts\u00e4chlich Open-Source oder Freeware-Produkte eingesetzt. Deshalb soll das Projekt sowohl auf der Server- als auch auf der Clientseite mit Open-Source Produkten durchgef\u00fchrt werden. Als Server wird daher ein Linux-Server (v2.4.17) mit <a href=\"https:\/\/www.apache.org\/\">Apache<\/a> v1.3.12 benutzt. Als Datenbank wird <a href=\"https:\/\/www.mysql.com\/\">MySQL<\/a> v3.23.47 eingesetzt. F\u00fcr die Programmierung wird <a href=\"http:\/\/php.net\/\">PHP<\/a> v4.2.3 verwendet, das eine einfache, aber dennoch komplexe Programmierung von Web-Anwendungen erlaubt.<\/p>\n<p>Als externe Komponenten kommen ein vom nordwest.net geschriebenes Modul zum vereinfachten Zugriff auf die Datenbank sowie das <a href=\"https:\/\/de.wikipedia.org\/wiki\/SOAP\">SOAP<\/a>-Modul <a href=\"http:\/\/sourceforge.net\/projects\/nusoap\/\">nusoap<\/a> zum Einsatz.<\/p>\n<p>Das Programmsystem wird zun\u00e4chst auf einem Entwicklungsserver erstellt, um eventuelle Seiteneffekte bei der Entwicklung auszuschlie\u00dfen. In der letzten Testphase wird das System dann auf den tats\u00e4chlichen Webserver von nightloop.de eingesetzt.<\/p>\n<p>Als Entwicklungsumgebung wird der Editor <a href=\"https:\/\/de.wikipedia.org\/wiki\/Vi\">vi<\/a> in Zusammenarbeit mit einer <a href=\"https:\/\/de.wikipedia.org\/wiki\/Bash_%28Shell%29\">bash<\/a>-Shell und weiteren Linux-Standardwerkzeugen auf einem Linuxrechner mit einer <a href=\"https:\/\/www.opensuse.org\/\">SuSE<\/a>-Distribution in der Version 7.3 eingesetzt.<\/p>\n","protected":false},"excerpt":{"rendered":"<p>Beim der nordwest.net GmbH werden aus Kostengr\u00fcnden haupts\u00e4chlich Open-Source oder Freeware-Produkte eingesetzt. Deshalb soll das Projekt sowohl auf der Server- als auch auf der Clientseite mit Open-Source Produkten durchgef\u00fchrt werden. Als Server wird daher ein Linux-Server (v2.4.17) mit Apache v1.3.12 benutzt. Als Datenbank wird MySQL v3.23.47 eingesetzt. F\u00fcr die Programmierung wird PHP v4.2.3 verwendet, das [&hellip;]<\/p>\n","protected":false},"author":1,"featured_media":0,"parent":267,"menu_order":2,"comment_status":"closed","ping_status":"closed","template":"","meta":{"webmentions_disabled_pings":false,"webmentions_disabled":false,"footnotes":""},"class_list":["post-283","page","type-page","status-publish","hentry"],"_links":{"self":[{"href":"https:\/\/elektroelch.de\/drafts\/wp-json\/wp\/v2\/pages\/283","targetHints":{"allow":["GET"]}}],"collection":[{"href":"https:\/\/elektroelch.de\/drafts\/wp-json\/wp\/v2\/pages"}],"about":[{"href":"https:\/\/elektroelch.de\/drafts\/wp-json\/wp\/v2\/types\/page"}],"author":[{"embeddable":true,"href":"https:\/\/elektroelch.de\/drafts\/wp-json\/wp\/v2\/users\/1"}],"replies":[{"embeddable":true,"href":"https:\/\/elektroelch.de\/drafts\/wp-json\/wp\/v2\/comments?post=283"}],"version-history":[{"count":3,"href":"https:\/\/elektroelch.de\/drafts\/wp-json\/wp\/v2\/pages\/283\/revisions"}],"predecessor-version":[{"id":286,"href":"https:\/\/elektroelch.de\/drafts\/wp-json\/wp\/v2\/pages\/283\/revisions\/286"}],"up":[{"embeddable":true,"href":"https:\/\/elektroelch.de\/drafts\/wp-json\/wp\/v2\/pages\/267"}],"wp:attachment":[{"href":"https:\/\/elektroelch.de\/drafts\/wp-json\/wp\/v2\/media?parent=283"}],"curies":[{"name":"wp","href":"https:\/\/api.w.org\/{rel}","templated":true}]}}