{"id":295,"date":"2016-01-07T13:36:23","date_gmt":"2016-01-07T12:36:23","guid":{"rendered":"http:\/\/elektroelch.de\/draft\/?page_id=295"},"modified":"2016-01-07T16:07:41","modified_gmt":"2016-01-07T15:07:41","slug":"3-1-ist-analyse","status":"publish","type":"page","link":"https:\/\/elektroelch.de\/drafts\/betriebliche-projektarbeit-content-syndication-von-nightloop-de\/3-dokumentation\/3-1-ist-analyse\/","title":{"rendered":"3.1 Ist-Analyse"},"content":{"rendered":"<p>Bei der Analyse der Web- und Datenbankserver wurde festgestellt, das die Voraussetzungen f\u00fcr den Einsatz von PHP-Skripten auf dem Webserver vorhanden sind und die Daten sich bereits in einer MySQL-Datenbank befinden.<\/p>\n<p>Da sich die DOM-Unterst\u00fctzung erst in der neuesten Version von PHP vorfindet, muss der PHP-Interpreter durch ein Update auf die Version 4.3.0 erneuert und mit den entsprechenden Parametern neu kompiliert werden.<\/p>\n<p>S\u00e4mtliche f\u00fcr dieses Projekt relevanten Relationen befinden sich in einer einzelnen Datenbank. Diese Relationen sind allerdings nicht nach einem einheitlichen Schema aufgebaut, nicht normiert und enthalten unterschiedliche Entit\u00e4ten.<\/p>\n<p>Der Webserver  ist durch eine Firewall und weitere interne Sicherungsma\u00dfnahmen vor Angriffen aus dem Internet ausreichend abgesichert. Neu zu erstellende Skripte k\u00f6nnen sich deshalb auf grundlegende Sicherheitsvorkehrungen auf Datei- und Verzeichnisebene  beschr\u00e4nken.<\/p>\n","protected":false},"excerpt":{"rendered":"<p>Bei der Analyse der Web- und Datenbankserver wurde festgestellt, das die Voraussetzungen f\u00fcr den Einsatz von PHP-Skripten auf dem Webserver vorhanden sind und die Daten sich bereits in einer MySQL-Datenbank befinden. Da sich die DOM-Unterst\u00fctzung erst in der neuesten Version von PHP vorfindet, muss der PHP-Interpreter durch ein Update auf die Version 4.3.0 erneuert und [&hellip;]<\/p>\n","protected":false},"author":1,"featured_media":0,"parent":291,"menu_order":0,"comment_status":"closed","ping_status":"closed","template":"","meta":{"webmentions_disabled_pings":false,"webmentions_disabled":false,"footnotes":""},"class_list":["post-295","page","type-page","status-publish","hentry"],"_links":{"self":[{"href":"https:\/\/elektroelch.de\/drafts\/wp-json\/wp\/v2\/pages\/295","targetHints":{"allow":["GET"]}}],"collection":[{"href":"https:\/\/elektroelch.de\/drafts\/wp-json\/wp\/v2\/pages"}],"about":[{"href":"https:\/\/elektroelch.de\/drafts\/wp-json\/wp\/v2\/types\/page"}],"author":[{"embeddable":true,"href":"https:\/\/elektroelch.de\/drafts\/wp-json\/wp\/v2\/users\/1"}],"replies":[{"embeddable":true,"href":"https:\/\/elektroelch.de\/drafts\/wp-json\/wp\/v2\/comments?post=295"}],"version-history":[{"count":2,"href":"https:\/\/elektroelch.de\/drafts\/wp-json\/wp\/v2\/pages\/295\/revisions"}],"predecessor-version":[{"id":297,"href":"https:\/\/elektroelch.de\/drafts\/wp-json\/wp\/v2\/pages\/295\/revisions\/297"}],"up":[{"embeddable":true,"href":"https:\/\/elektroelch.de\/drafts\/wp-json\/wp\/v2\/pages\/291"}],"wp:attachment":[{"href":"https:\/\/elektroelch.de\/drafts\/wp-json\/wp\/v2\/media?parent=295"}],"curies":[{"name":"wp","href":"https:\/\/api.w.org\/{rel}","templated":true}]}}