{"id":298,"date":"2016-01-07T13:58:39","date_gmt":"2016-01-07T12:58:39","guid":{"rendered":"http:\/\/elektroelch.de\/draft\/?page_id=298"},"modified":"2016-01-07T16:07:41","modified_gmt":"2016-01-07T15:07:41","slug":"3-2-soll-konzept","status":"publish","type":"page","link":"https:\/\/elektroelch.de\/drafts\/betriebliche-projektarbeit-content-syndication-von-nightloop-de\/3-dokumentation\/3-2-soll-konzept\/","title":{"rendered":"3.2 Soll-Konzept"},"content":{"rendered":"<p>Als Datenformate sollen XML (eXtended Markup Language) und RDF (Rich Data Format)  verwendet werden. Beide Formate wurden vom World Wide Web Consortium (W3C) als Standards verabschiedet, so dass eine breite Unterst\u00fctzung von verschiednen Programmiersprachen gesichert ist.<\/p>\n<p>Dem Benutzer sollen Programmierbeispiele f\u00fcr Clients in verschiedenen Skriptsprachen an die Hand gegeben werden, um eine einfache und schnelle Implementierung zu erm\u00f6glichen.<\/p>\n<p>Damit auch Sitebetreiber mit geringeren Programmierkenntnissen die Skripte nutzen k\u00f6nnen, soll ein Web-Interface erstellt werden, das es mit geringem Aufwand des Benutzers erm\u00f6glicht, nach Eingabe einiger Parameter, Skripte zu erstellen, die komplikationslos in eine externe Web-Pr\u00e4senz eingebunden werden k\u00f6nnen.<\/p>\n<p>Das System soll unabh\u00e4ngig von den \u00fcbrigen Teilen der Web-Pr\u00e4senz lauff\u00e4hig sein.<br \/>\nAufgrund des des inkonsistenten Zustand der Datenbank muss eine Methode gefunden werden, um eine einfache Erweiterung des Angebots zu erm\u00f6glichen.<\/p>\n<p>Desweiteren soll das Angebot an Skriptsprachen durch das Web-Interface in Zukunft erweitert werden, so dass auch hier ein m\u00f6glichst flexible L\u00f6sung anzustreben ist.<\/p>\n","protected":false},"excerpt":{"rendered":"<p>Als Datenformate sollen XML (eXtended Markup Language) und RDF (Rich Data Format) verwendet werden. Beide Formate wurden vom World Wide Web Consortium (W3C) als Standards verabschiedet, so dass eine breite Unterst\u00fctzung von verschiednen Programmiersprachen gesichert ist. Dem Benutzer sollen Programmierbeispiele f\u00fcr Clients in verschiedenen Skriptsprachen an die Hand gegeben werden, um eine einfache und schnelle [&hellip;]<\/p>\n","protected":false},"author":1,"featured_media":0,"parent":291,"menu_order":1,"comment_status":"closed","ping_status":"closed","template":"","meta":{"webmentions_disabled_pings":false,"webmentions_disabled":false,"footnotes":""},"class_list":["post-298","page","type-page","status-publish","hentry"],"_links":{"self":[{"href":"https:\/\/elektroelch.de\/drafts\/wp-json\/wp\/v2\/pages\/298","targetHints":{"allow":["GET"]}}],"collection":[{"href":"https:\/\/elektroelch.de\/drafts\/wp-json\/wp\/v2\/pages"}],"about":[{"href":"https:\/\/elektroelch.de\/drafts\/wp-json\/wp\/v2\/types\/page"}],"author":[{"embeddable":true,"href":"https:\/\/elektroelch.de\/drafts\/wp-json\/wp\/v2\/users\/1"}],"replies":[{"embeddable":true,"href":"https:\/\/elektroelch.de\/drafts\/wp-json\/wp\/v2\/comments?post=298"}],"version-history":[{"count":2,"href":"https:\/\/elektroelch.de\/drafts\/wp-json\/wp\/v2\/pages\/298\/revisions"}],"predecessor-version":[{"id":300,"href":"https:\/\/elektroelch.de\/drafts\/wp-json\/wp\/v2\/pages\/298\/revisions\/300"}],"up":[{"embeddable":true,"href":"https:\/\/elektroelch.de\/drafts\/wp-json\/wp\/v2\/pages\/291"}],"wp:attachment":[{"href":"https:\/\/elektroelch.de\/drafts\/wp-json\/wp\/v2\/media?parent=298"}],"curies":[{"name":"wp","href":"https:\/\/api.w.org\/{rel}","templated":true}]}}