{"id":326,"date":"2016-01-07T14:44:36","date_gmt":"2016-01-07T13:44:36","guid":{"rendered":"http:\/\/elektroelch.de\/draft\/?page_id=326"},"modified":"2016-01-07T16:07:41","modified_gmt":"2016-01-07T15:07:41","slug":"3-4-4-web-interface","status":"publish","type":"page","link":"https:\/\/elektroelch.de\/drafts\/betriebliche-projektarbeit-content-syndication-von-nightloop-de\/3-dokumentation\/3-4-programmentwurf\/3-4-4-web-interface\/","title":{"rendered":"3.4.4 Web-Interface"},"content":{"rendered":"<p>Das Web-Interface besteht aus zwei Teilen. Auf der ersten Seite kann der Benutzer die Parameter f\u00fcr die Darstellung der Tabelle mit den Schlagzeilen einstellen. Die gew\u00e4hlten \u00c4nderungen werden per JavaScript ad hoc auf der Seite dargestellt. Das Formular ist aber auch mit einem Browser benutzbar, der kein JavaScript unterst\u00fctzt, der Benutzer muss dann allerdings auf die visuelle Darstellung der \u00c4nderungen verzichten. Der Benutzer kann die Parameter f\u00fcr die abzurufende Kategorie, die Anzahl der Schlagzeilen, Farben der Schrift und des Hintergrundes (jeweils f\u00fcr \u00dcberschrift und Textk\u00f6rper), die St\u00e4rke und Farbe des Tabellenrandes sowie die gew\u00fcnschte Implementierungsprache w\u00e4hlen.<\/p>\n<p>Nach dem Ausl\u00f6sen von \u201eTemplates erzeugen\u201c erscheint eine neue Maske, auf der dem Benutzer Hinweise zur Installation der ben\u00f6tigten Bibliotheken gegeben und ein Textfeld mit der konfektionierten Programmcode-Vorlage pr\u00e4sentiert wird. Durch den Download der Bibliothek und dem Einf\u00fcgen der Code-Vorlage kann der Benutzer die Tabelle mit den Schlagzeilen in sein Projekt einbinden. Dem Benutzer wird dabei absichtlich nur die Programmvorlage f\u00fcr die Daten\u00fcbertragung per URL an die Hand gegeben, da diese f\u00fcr den unerfahrenen Benutzer einfacher zu \u00fcber\u00adblicken ist.<\/p>\n","protected":false},"excerpt":{"rendered":"<p>Das Web-Interface besteht aus zwei Teilen. Auf der ersten Seite kann der Benutzer die Parameter f\u00fcr die Darstellung der Tabelle mit den Schlagzeilen einstellen. Die gew\u00e4hlten \u00c4nderungen werden per JavaScript ad hoc auf der Seite dargestellt. Das Formular ist aber auch mit einem Browser benutzbar, der kein JavaScript unterst\u00fctzt, der Benutzer muss dann allerdings auf [&hellip;]<\/p>\n","protected":false},"author":1,"featured_media":0,"parent":308,"menu_order":3,"comment_status":"closed","ping_status":"closed","template":"","meta":{"webmentions_disabled_pings":false,"webmentions_disabled":false,"footnotes":""},"class_list":["post-326","page","type-page","status-publish","hentry"],"_links":{"self":[{"href":"https:\/\/elektroelch.de\/drafts\/wp-json\/wp\/v2\/pages\/326","targetHints":{"allow":["GET"]}}],"collection":[{"href":"https:\/\/elektroelch.de\/drafts\/wp-json\/wp\/v2\/pages"}],"about":[{"href":"https:\/\/elektroelch.de\/drafts\/wp-json\/wp\/v2\/types\/page"}],"author":[{"embeddable":true,"href":"https:\/\/elektroelch.de\/drafts\/wp-json\/wp\/v2\/users\/1"}],"replies":[{"embeddable":true,"href":"https:\/\/elektroelch.de\/drafts\/wp-json\/wp\/v2\/comments?post=326"}],"version-history":[{"count":2,"href":"https:\/\/elektroelch.de\/drafts\/wp-json\/wp\/v2\/pages\/326\/revisions"}],"predecessor-version":[{"id":328,"href":"https:\/\/elektroelch.de\/drafts\/wp-json\/wp\/v2\/pages\/326\/revisions\/328"}],"up":[{"embeddable":true,"href":"https:\/\/elektroelch.de\/drafts\/wp-json\/wp\/v2\/pages\/308"}],"wp:attachment":[{"href":"https:\/\/elektroelch.de\/drafts\/wp-json\/wp\/v2\/media?parent=326"}],"curies":[{"name":"wp","href":"https:\/\/api.w.org\/{rel}","templated":true}]}}