{"id":332,"date":"2016-01-07T14:49:24","date_gmt":"2016-01-07T13:49:24","guid":{"rendered":"http:\/\/elektroelch.de\/draft\/?page_id=332"},"modified":"2016-01-07T16:07:41","modified_gmt":"2016-01-07T15:07:41","slug":"4-systemeinfuhrung","status":"publish","type":"page","link":"https:\/\/elektroelch.de\/drafts\/betriebliche-projektarbeit-content-syndication-von-nightloop-de\/4-systemeinfuhrung\/","title":{"rendered":"4. Systemeinf\u00fchrung"},"content":{"rendered":"<p>Bei diesem Projekt handelte es sich haupts\u00e4chlich um die Konzeptionierung und \u201eProof of Concept\u201c eines neuen Systems zur Bewerbung einer Website. Zum Abschlu\u00df der Arbeit stand daher noch nicht fest, ob das System tats\u00e4chlich l\u00e4ngerfristig eingesetzt wird.<\/p>\n","protected":false},"excerpt":{"rendered":"<p>Bei diesem Projekt handelte es sich haupts\u00e4chlich um die Konzeptionierung und \u201eProof of Concept\u201c eines neuen Systems zur Bewerbung einer Website. Zum Abschlu\u00df der Arbeit stand daher noch nicht fest, ob das System tats\u00e4chlich l\u00e4ngerfristig eingesetzt wird.<\/p>\n","protected":false},"author":1,"featured_media":0,"parent":267,"menu_order":4,"comment_status":"closed","ping_status":"closed","template":"","meta":{"webmentions_disabled_pings":false,"webmentions_disabled":false,"footnotes":""},"class_list":["post-332","page","type-page","status-publish","hentry"],"_links":{"self":[{"href":"https:\/\/elektroelch.de\/drafts\/wp-json\/wp\/v2\/pages\/332","targetHints":{"allow":["GET"]}}],"collection":[{"href":"https:\/\/elektroelch.de\/drafts\/wp-json\/wp\/v2\/pages"}],"about":[{"href":"https:\/\/elektroelch.de\/drafts\/wp-json\/wp\/v2\/types\/page"}],"author":[{"embeddable":true,"href":"https:\/\/elektroelch.de\/drafts\/wp-json\/wp\/v2\/users\/1"}],"replies":[{"embeddable":true,"href":"https:\/\/elektroelch.de\/drafts\/wp-json\/wp\/v2\/comments?post=332"}],"version-history":[{"count":1,"href":"https:\/\/elektroelch.de\/drafts\/wp-json\/wp\/v2\/pages\/332\/revisions"}],"predecessor-version":[{"id":333,"href":"https:\/\/elektroelch.de\/drafts\/wp-json\/wp\/v2\/pages\/332\/revisions\/333"}],"up":[{"embeddable":true,"href":"https:\/\/elektroelch.de\/drafts\/wp-json\/wp\/v2\/pages\/267"}],"wp:attachment":[{"href":"https:\/\/elektroelch.de\/drafts\/wp-json\/wp\/v2\/media?parent=332"}],"curies":[{"name":"wp","href":"https:\/\/api.w.org\/{rel}","templated":true}]}}