{"id":336,"date":"2016-01-07T14:53:10","date_gmt":"2016-01-07T13:53:10","guid":{"rendered":"http:\/\/elektroelch.de\/draft\/?page_id=336"},"modified":"2016-01-07T16:07:41","modified_gmt":"2016-01-07T15:07:41","slug":"6-zusammenfassung-und-schlussfolgerung","status":"publish","type":"page","link":"https:\/\/elektroelch.de\/drafts\/betriebliche-projektarbeit-content-syndication-von-nightloop-de\/6-zusammenfassung-und-schlussfolgerung\/","title":{"rendered":"6. Zusammenfassung und Schlussfolgerung"},"content":{"rendered":"<p>Im Laufe des Projektes ist ein System entstanden, das eine neue Art der Bewerbung von nightloop.de erm\u00f6glicht, die die Kosten f\u00fcr den Anbieter minimiert und dem Website-Betreiber, der die Werbung einsetzt, eine Steigerung der Attraktivit\u00e4t des eigenen Angebots erm\u00f6glicht. Es wird durch den st\u00e4ndig wechselnden, aktuellen Inhalt und die Interaktivit\u00e4t des Angebots sowohl ein Anreiz geschaffen, die Werbung kostenlos in eine Web-P\u00e4senz zu \u00fcbernehmen, als auch die Bereitschaft des Benutzers erh\u00f6ht, sich der Werbung zu widmen und sie anzunehmen.<\/p>\n<p>Dar\u00fcber hinaus erm\u00f6glicht die Flexibilit\u00e4t des Systems mit wenigen Anpassungen der Skripte auch einen Einsatz f\u00fcr andere Systeme, die regelm\u00e4\u00dfig eigenst\u00e4ndige Schlagzeilen ver\u00f6ffentlichen.<\/p>\n<p>Eine Erweiterung des Systems nach Abschluss des Projektes ist vorgesehen. Dabei sollen prim\u00e4r die folgenden Aspekte ber\u00fccksichtigt werden:<\/p>\n<ul>\n<li>Erweiterung des Kategorie-Angebotes<\/li>\n<li>als zus\u00e4tzliche Vorlagen f\u00fcr Skriptsprachen werden Python und TCL angestrebt.<\/li>\n<li>Unterst\u00fctzung des weitverbreiteten RSS-Formats.<\/li>\n<li>Es sollen mehrere Kategorien parallel dargestellt werden k\u00f6nnen.<\/li>\n<li>Das Web-Interface soll weitere Darstellungs-Parameter zur Verf\u00fcgung stellen.<\/li>\n<li>Es soll die Darstellung von Bildern erm\u00f6glicht werden.<\/li>\n<li>Es soll nur noch ein Skript als Backend sowohl f\u00fcr URL- als auch f\u00fcr SOAP-Anfragen existieren.<\/li>\n<li>Weitere Flexibilisierung der Skripte.<\/li>\n<\/ul>\n","protected":false},"excerpt":{"rendered":"<p>Im Laufe des Projektes ist ein System entstanden, das eine neue Art der Bewerbung von nightloop.de erm\u00f6glicht, die die Kosten f\u00fcr den Anbieter minimiert und dem Website-Betreiber, der die Werbung einsetzt, eine Steigerung der Attraktivit\u00e4t des eigenen Angebots erm\u00f6glicht. Es wird durch den st\u00e4ndig wechselnden, aktuellen Inhalt und die Interaktivit\u00e4t des Angebots sowohl ein Anreiz [&hellip;]<\/p>\n","protected":false},"author":1,"featured_media":0,"parent":267,"menu_order":6,"comment_status":"closed","ping_status":"closed","template":"","meta":{"webmentions_disabled_pings":false,"webmentions_disabled":false,"footnotes":""},"class_list":["post-336","page","type-page","status-publish","hentry"],"_links":{"self":[{"href":"https:\/\/elektroelch.de\/drafts\/wp-json\/wp\/v2\/pages\/336","targetHints":{"allow":["GET"]}}],"collection":[{"href":"https:\/\/elektroelch.de\/drafts\/wp-json\/wp\/v2\/pages"}],"about":[{"href":"https:\/\/elektroelch.de\/drafts\/wp-json\/wp\/v2\/types\/page"}],"author":[{"embeddable":true,"href":"https:\/\/elektroelch.de\/drafts\/wp-json\/wp\/v2\/users\/1"}],"replies":[{"embeddable":true,"href":"https:\/\/elektroelch.de\/drafts\/wp-json\/wp\/v2\/comments?post=336"}],"version-history":[{"count":2,"href":"https:\/\/elektroelch.de\/drafts\/wp-json\/wp\/v2\/pages\/336\/revisions"}],"predecessor-version":[{"id":339,"href":"https:\/\/elektroelch.de\/drafts\/wp-json\/wp\/v2\/pages\/336\/revisions\/339"}],"up":[{"embeddable":true,"href":"https:\/\/elektroelch.de\/drafts\/wp-json\/wp\/v2\/pages\/267"}],"wp:attachment":[{"href":"https:\/\/elektroelch.de\/drafts\/wp-json\/wp\/v2\/media?parent=336"}],"curies":[{"name":"wp","href":"https:\/\/api.w.org\/{rel}","templated":true}]}}