{"id":340,"date":"2016-01-07T14:57:01","date_gmt":"2016-01-07T13:57:01","guid":{"rendered":"http:\/\/elektroelch.de\/draft\/?page_id=340"},"modified":"2016-01-07T16:07:41","modified_gmt":"2016-01-07T15:07:41","slug":"7-glossar","status":"publish","type":"page","link":"https:\/\/elektroelch.de\/drafts\/betriebliche-projektarbeit-content-syndication-von-nightloop-de\/7-glossar\/","title":{"rendered":"7. Glossar"},"content":{"rendered":"<p><strong>DOM<\/strong><br \/>\nDas Document Object Model (DOM) ist eine vom World Wide Web Consortium (<a class=\"linkificator-ext\" href=\"<a class=\"linkificator-ext\" href=\"<a class=\"linkificator-ext\" href=\"<a class=\"linkificator-ext\" href=\"http:\/\/www.w3c.org\" title=\"Linkificator: http:\/\/www.w3c.org\">http:\/\/www.w3c.org<\/a>&#8221; title=&#8221;Linkificator: <a class=\"linkificator-ext\" href=\"http:\/\/www.w3c.org\" title=\"Linkificator: http:\/\/www.w3c.org\">http:\/\/www.w3c.org<\/a>&#8220;><a class=\"linkificator-ext\" href=\"http:\/\/www.w3c.org\" title=\"Linkificator: http:\/\/www.w3c.org\">http:\/\/www.w3c.org<\/a><\/a>&#8221; title=&#8221;Linkificator: <a class=\"linkificator-ext\" href=\"<a class=\"linkificator-ext\" href=\"http:\/\/www.w3c.org\" title=\"Linkificator: http:\/\/www.w3c.org\">http:\/\/www.w3c.org<\/a>&#8221; title=&#8221;Linkificator: <a class=\"linkificator-ext\" href=\"http:\/\/www.w3c.org\" title=\"Linkificator: http:\/\/www.w3c.org\">http:\/\/www.w3c.org<\/a>&#8220;><a class=\"linkificator-ext\" href=\"http:\/\/www.w3c.org\" title=\"Linkificator: http:\/\/www.w3c.org\">http:\/\/www.w3c.org<\/a><\/a>&#8220;><a class=\"linkificator-ext\" href=\"<a class=\"linkificator-ext\" href=\"http:\/\/www.w3c.org\" title=\"Linkificator: http:\/\/www.w3c.org\">http:\/\/www.w3c.org<\/a>&#8221; title=&#8221;Linkificator: <a class=\"linkificator-ext\" href=\"http:\/\/www.w3c.org\" title=\"Linkificator: http:\/\/www.w3c.org\">http:\/\/www.w3c.org<\/a>&#8220;><a class=\"linkificator-ext\" href=\"http:\/\/www.w3c.org\" title=\"Linkificator: http:\/\/www.w3c.org\">http:\/\/www.w3c.org<\/a><\/a><\/a>&#8221; title=&#8221;Linkificator: <a class=\"linkificator-ext\" href=\"<a class=\"linkificator-ext\" href=\"<a class=\"linkificator-ext\" href=\"http:\/\/www.w3c.org\" title=\"Linkificator: http:\/\/www.w3c.org\">http:\/\/www.w3c.org<\/a>&#8221; title=&#8221;Linkificator: <a class=\"linkificator-ext\" href=\"http:\/\/www.w3c.org\" title=\"Linkificator: http:\/\/www.w3c.org\">http:\/\/www.w3c.org<\/a>&#8220;><a class=\"linkificator-ext\" href=\"http:\/\/www.w3c.org\" title=\"Linkificator: http:\/\/www.w3c.org\">http:\/\/www.w3c.org<\/a><\/a>&#8221; title=&#8221;Linkificator: <a class=\"linkificator-ext\" href=\"<a class=\"linkificator-ext\" href=\"http:\/\/www.w3c.org\" title=\"Linkificator: http:\/\/www.w3c.org\">http:\/\/www.w3c.org<\/a>&#8221; title=&#8221;Linkificator: <a class=\"linkificator-ext\" href=\"http:\/\/www.w3c.org\" title=\"Linkificator: http:\/\/www.w3c.org\">http:\/\/www.w3c.org<\/a>&#8220;><a class=\"linkificator-ext\" href=\"http:\/\/www.w3c.org\" title=\"Linkificator: http:\/\/www.w3c.org\">http:\/\/www.w3c.org<\/a><\/a>&#8220;><a class=\"linkificator-ext\" href=\"<a class=\"linkificator-ext\" href=\"http:\/\/www.w3c.org\" title=\"Linkificator: http:\/\/www.w3c.org\">http:\/\/www.w3c.org<\/a>&#8221; title=&#8221;Linkificator: <a class=\"linkificator-ext\" href=\"http:\/\/www.w3c.org\" title=\"Linkificator: http:\/\/www.w3c.org\">http:\/\/www.w3c.org<\/a>&#8220;><a class=\"linkificator-ext\" href=\"http:\/\/www.w3c.org\" title=\"Linkificator: http:\/\/www.w3c.org\">http:\/\/www.w3c.org<\/a><\/a><\/a>&#8220;><a class=\"linkificator-ext\" href=\"<a class=\"linkificator-ext\" href=\"<a class=\"linkificator-ext\" href=\"http:\/\/www.w3c.org\" title=\"Linkificator: http:\/\/www.w3c.org\">http:\/\/www.w3c.org<\/a>&#8221; title=&#8221;Linkificator: <a class=\"linkificator-ext\" href=\"http:\/\/www.w3c.org\" title=\"Linkificator: http:\/\/www.w3c.org\">http:\/\/www.w3c.org<\/a>&#8220;><a class=\"linkificator-ext\" href=\"http:\/\/www.w3c.org\" title=\"Linkificator: http:\/\/www.w3c.org\">http:\/\/www.w3c.org<\/a><\/a>&#8221; title=&#8221;Linkificator: <a class=\"linkificator-ext\" href=\"<a class=\"linkificator-ext\" href=\"http:\/\/www.w3c.org\" title=\"Linkificator: http:\/\/www.w3c.org\">http:\/\/www.w3c.org<\/a>&#8221; title=&#8221;Linkificator: <a class=\"linkificator-ext\" href=\"http:\/\/www.w3c.org\" title=\"Linkificator: http:\/\/www.w3c.org\">http:\/\/www.w3c.org<\/a>&#8220;><a class=\"linkificator-ext\" href=\"http:\/\/www.w3c.org\" title=\"Linkificator: http:\/\/www.w3c.org\">http:\/\/www.w3c.org<\/a><\/a>&#8220;><a class=\"linkificator-ext\" href=\"<a class=\"linkificator-ext\" href=\"http:\/\/www.w3c.org\" title=\"Linkificator: http:\/\/www.w3c.org\">http:\/\/www.w3c.org<\/a>&#8221; title=&#8221;Linkificator: <a class=\"linkificator-ext\" href=\"http:\/\/www.w3c.org\" title=\"Linkificator: http:\/\/www.w3c.org\">http:\/\/www.w3c.org<\/a>&#8220;><a class=\"linkificator-ext\" href=\"http:\/\/www.w3c.org\" title=\"Linkificator: http:\/\/www.w3c.org\">www.w3c.org<\/a><\/a><\/a><\/a>) definierte Programmierschnittstelle (Application Programming Interface, API) f\u00fcr XML- und HTML-Dokumente. Das DOM definiert Schnittstellen und Methoden zum Erzeugen, Durchsuchen, Zugreifen, \u00c4ndern und L\u00f6schen von Dokumentinhalten.   Alle Objekte des Dokuments sind in eine hierarchische Baumstruktur eingegliedert und werden im DOM Knoten genannt. <br \/>\nDas DOM garantiert strukturellen Isomorphismus, d.h. jedes XML-Dokument hat eine eindeutige Struktur, die in jeder DOM-Implementation genau gleich aussieht. Das DOM definiert Objekte, Schnittstellen und Semantiken (das Verhalten der Objekte beim Aufruf von Methoden), nicht aber interne Datenstrukturen oder Funktionen der Implementationen. Insbesondere kann DOM auf bestehende APIs aufgesetzt werden, um diese zu standardisieren.<\/p>\n<p><strong>Dublin Core<\/strong><br \/>\n\u201eDublin Core\u201c (DC) ist das verbreiteste Format im Bereich der Content Syndication. DC ist eine Initiative zur Vereinheitlichung von Metadaten im Bereich des elektronischen Datenaustauschs. Der Einsatz wird vom W3C empfohlen, ist aber nicht Bestandteil eines W3C-Standards.<\/p>\n<p><strong>Open Source<\/strong><br \/>\nOpen-Source-Software ist \u201eFreie Software\u201c. Dieser Sammelbegriff, dr\u00fcckt aus, dass die Software kostenfrei erh\u00e4ltlich ist und frei verbreitet werden darf. Die Quell- und Bin\u00e4rcodes d\u00fcrfen von jedermann benutzt und modifiziert werden. Kopien der unver\u00e4nderten oder modifizierten Software d\u00fcrfen verteilt werden.<\/p>\n<p><strong>RDF (Resource Description Framework)<\/strong><br \/>\nDas Resource Description Framework (RDF) ist eine Anwedung von XML. Es dient der Beschreibung von Informationen einer Webressource (z. B. einer Webseite oder auch einer ganzen Site). RDF erlaubt die Codierung, den Austausch und die Wiederverwendung von strukturierten Metadaten (Daten \u00fcber Daten). <br \/>\nLangfristig soll RDF verschiedene Anwendungen und Ressourcen zu einem webbasierten semantischen Netz (semantic Web) verbinden. Hierdurch soll der Informationsaustausch zwischen Menschen und Anwendungen, aber insbesondere auch zwischen Anwendungen verbessert werden.<\/p>\n<p><strong>SAX<\/strong><br \/>SAX steht f\u00fcr &#8220;Simple API for XML&#8221; und definiert Schnittstellen f\u00fcr das Parsen von XML-Dokumenten. Es ist kein W3C-Standard, sondern wurde von der XML-DEV Mailinglist entwickelt und Anfang 1998 in der Version 1.0 herausgebracht. Zur Zeit ist die Version 2.0 aktuell.<br \/>\nDas SAX-API stellt einen Mechanismus zur seriellen Verarbeitung von XML-Dokumenten zur Verf\u00fcgung. Das hei\u00dft, dass ein Dokument Element um Element abgearbeitet wird. Die Kommunikation mit anderen Anwendungen wird dabei \u00fcber sogenannte Handler abgewickelt, weshalb man auch von einem ereignisgesteuerten Protokoll spricht.<\/p>\n<p><strong>SOAP (Simple Object Access Protocol)<\/strong><br \/>\nSOAP stellt einen einfachen und durchsichtigen Mechanismus zum Austausch von strukturierter und getypter Information zwischen Rechnern in einer dezentralisierten, verteilten Umgebung zur Verf\u00fcgung. Dabei soll durch SOAP kein Programmiermodell oder implementationsspezifische Semantik vorgegeben werden, sondern ein unkomplizierter Mechanismus, um die interne Semantik einer Anwendung zu beschreiben. Dazu werden ein modulares Paketmodell sowie Mechanismen zum Verschl\u00fcsseln von Daten innerhalb von Modulen zur Verf\u00fcgung gestellt. Dadurch kann SOAP in einem weiten Einsatzfeld gebraucht werden, von einfachen Nachrichtensystemen bis zu Remote Procedure Calls.<\/p>\n<p><strong>UTF-8<\/strong><br \/>\nUTF-8 (Abk. f\u00fcr 8-bit Unicode Transformation Format) ist ein Kodierung f\u00fcr Unicode-Zeichen; dabei besteht der Code aus Byte-Ketten von variabler L\u00e4nge. UTF-8 ist gegenw\u00e4rtig als RFC 2279 standardisiert (UTF-8, a transformation format of ISO 10646). Hat ein Byte in UTF-8 einen Wert zwischen 0 und 127, so entspricht es exakt dem ASCII-Zeichen mit demselben Wert. In allen anderen F\u00e4llen sind mehr Bytes erforderlich.<\/p>\n<p><strong>World Wide Web Consortium (W3C)<\/strong><br \/>\nW3C ist ein Konsortium aus Industrie (Entwickler, Anwender und Providern), Forschung und Politik, das Standards f\u00fcr die Architekturen und Protokolle des World Wide Web entwickelt. Unter den zahlreichen Empfehlungen sind HTML (XHTML) und XML sicher die bekanntesten.<\/p>\n<p><strong>XML<\/strong><br \/>\nDie Extensible Markup Language, abgek\u00fcrzt XML, beschreibt eine Klasse von Datenobjekten, genannt XML-Dokumente, und beschreibt teilweise das Verhalten von Computer-Programmen, die solche Dokumente verarbeiten. XML ist ein Anwendungsprofil (application profile) oder eine eingeschr\u00e4nkte Form von SGML, der Standard Generalized Markup Language [ISO 8879]. Durch ihre Konstruktion sind XML-Dokumente konforme SGML-Dokumente.<br \/>\nXML-Dokumente sind aus Speicherungseinheiten aufgebaut, genannt Entities, die entweder analysierte (parsed) oder nicht analysierte (unparsed) Daten enthalten. Analysierte Daten bestehen aus Zeichen, von denen einige Zeichendaten und andere Markup darstellen. Markup ist eine Beschreibung der Aufteilung auf Speicherungseinheiten und der logischen Struktur des Dokuments. XML bietet einen Mechanismus an, um Beschr\u00e4nkungen der Aufteilung und logischen Struktur zu formulieren.<\/p>\n","protected":false},"excerpt":{"rendered":"<p>DOM Das Document Object Model (DOM) ist eine vom World Wide Web Consortium (http:\/\/www.w3c.org&#8220;>http:\/\/www.w3c.org&#8220;>http:\/\/www.w3c.org&#8220;><\/p>\n","protected":false},"author":1,"featured_media":0,"parent":267,"menu_order":7,"comment_status":"closed","ping_status":"closed","template":"","meta":{"webmentions_disabled_pings":false,"webmentions_disabled":false,"footnotes":""},"class_list":["post-340","page","type-page","status-publish","hentry"],"_links":{"self":[{"href":"https:\/\/elektroelch.de\/drafts\/wp-json\/wp\/v2\/pages\/340","targetHints":{"allow":["GET"]}}],"collection":[{"href":"https:\/\/elektroelch.de\/drafts\/wp-json\/wp\/v2\/pages"}],"about":[{"href":"https:\/\/elektroelch.de\/drafts\/wp-json\/wp\/v2\/types\/page"}],"author":[{"embeddable":true,"href":"https:\/\/elektroelch.de\/drafts\/wp-json\/wp\/v2\/users\/1"}],"replies":[{"embeddable":true,"href":"https:\/\/elektroelch.de\/drafts\/wp-json\/wp\/v2\/comments?post=340"}],"version-history":[{"count":5,"href":"https:\/\/elektroelch.de\/drafts\/wp-json\/wp\/v2\/pages\/340\/revisions"}],"predecessor-version":[{"id":342,"href":"https:\/\/elektroelch.de\/drafts\/wp-json\/wp\/v2\/pages\/340\/revisions\/342"}],"up":[{"embeddable":true,"href":"https:\/\/elektroelch.de\/drafts\/wp-json\/wp\/v2\/pages\/267"}],"wp:attachment":[{"href":"https:\/\/elektroelch.de\/drafts\/wp-json\/wp\/v2\/media?parent=340"}],"curies":[{"name":"wp","href":"https:\/\/api.w.org\/{rel}","templated":true}]}}