{"id":733,"date":"2023-06-18T18:22:56","date_gmt":"2023-06-18T16:22:56","guid":{"rendered":"https:\/\/elektroelch.de\/drafts\/friends\/"},"modified":"2023-06-18T18:22:56","modified_gmt":"2023-06-18T16:22:56","slug":"friends","status":"publish","type":"page","link":"https:\/\/elektroelch.de\/drafts\/friends\/","title":{"rendered":"Friends"},"content":{"rendered":"\n<p class=\"only-friends\">Hallo Freund!<br\/><br\/>Kennst du einen meiner Freunde? Vielleicht willst du ihnen auch eine Freundschaftsanfrage senden?\n<\/p>\n\n\n\n<p class=\"not-friends\">Ich habe mich mit meinen Freunden \u00fcber <strong>WordPress<\/strong> mit dem <strong>Freunde-Plugin<\/strong> vernetzt. Das bedeutet ich kann private Beitr\u00e4ge nur mit meinen Freunden teilen, w\u00e4hrend ich die Kontrolle \u00fcber meine Daten behalte.\nWenn du auch eine WordPress Website mit dem Freunde-Plugin hast, kannst du mir eine Freundschaftsanfrage senden. Wenn nicht, mache es wie ich und hol dir <a href=\"https:\/\/wordpress.org\/\">WordPress<\/a> und installiere das <a href=\"https:\/\/wordpress.org\/plugins\/friends\/\">Freunde-Plugin<\/a>!\n<\/p>\n\n\n<div class=\"wp-block-friends-follow-me not-friends\"><form method=\"post\">\n<p>Gib deine Blog URL ein, um meinem Netzwerk beizutreten. <a href=\"https:\/\/wpfriends.at\/follow-me\">Weitere Informationen<\/a><\/p>\n<div><input type=\"text\" name=\"friends_friend_request_url\" placeholder=\"https:\/\/example.com\/\"\/> <button>Folge dieser Website<\/button><\/div><\/form><\/div>\n<\/p>\n\n","protected":false},"excerpt":{"rendered":"<p>Hallo Freund! Kennst du einen meiner Freunde? Vielleicht willst du ihnen auch eine Freundschaftsanfrage senden? Ich habe mich mit meinen Freunden \u00fcber WordPress mit dem Freunde-Plugin vernetzt. Das bedeutet ich kann private Beitr\u00e4ge nur mit meinen Freunden teilen, w\u00e4hrend ich die Kontrolle \u00fcber meine Daten behalte. Wenn du auch eine WordPress Website mit dem Freunde-Plugin [&hellip;]<\/p>\n","protected":false},"author":1,"featured_media":0,"parent":0,"menu_order":0,"comment_status":"closed","ping_status":"open","template":"","meta":{"webmentions_disabled_pings":false,"webmentions_disabled":false,"footnotes":""},"class_list":["post-733","page","type-page","status-publish","hentry"],"_links":{"self":[{"href":"https:\/\/elektroelch.de\/drafts\/wp-json\/wp\/v2\/pages\/733","targetHints":{"allow":["GET"]}}],"collection":[{"href":"https:\/\/elektroelch.de\/drafts\/wp-json\/wp\/v2\/pages"}],"about":[{"href":"https:\/\/elektroelch.de\/drafts\/wp-json\/wp\/v2\/types\/page"}],"author":[{"embeddable":true,"href":"https:\/\/elektroelch.de\/drafts\/wp-json\/wp\/v2\/users\/1"}],"replies":[{"embeddable":true,"href":"https:\/\/elektroelch.de\/drafts\/wp-json\/wp\/v2\/comments?post=733"}],"version-history":[{"count":0,"href":"https:\/\/elektroelch.de\/drafts\/wp-json\/wp\/v2\/pages\/733\/revisions"}],"wp:attachment":[{"href":"https:\/\/elektroelch.de\/drafts\/wp-json\/wp\/v2\/media?parent=733"}],"curies":[{"name":"wp","href":"https:\/\/api.w.org\/{rel}","templated":true}]}}